{"id":18,"date":"2019-10-06T12:25:55","date_gmt":"2019-10-06T12:25:55","guid":{"rendered":"http:\/\/mosel-fewo-sommer.de\/fewo\/?page_id=18"},"modified":"2026-04-14T10:20:20","modified_gmt":"2026-04-14T10:20:20","slug":"ausstattung","status":"publish","type":"page","link":"https:\/\/mosel-fewo-sommer.de\/fewo\/?page_id=18","title":{"rendered":"Ausstattung"},"content":{"rendered":"\n<p>Der Deutsche Tourismusverband hat unsere Ferienwohnung mit 3 Sternen klassifiziert. Die liebevoll gestaltete Einrichtung, die ger\u00e4umigen Zimmer und die herrliche Aussicht, die man vom K\u00fcchentisch aus genie\u00dfen kann, hat die Jury \u00fcberzeugt. In nur wenigen Gehminuten erreichen Sie die Mosel. Der n\u00e4chste Supermarkt mit einem B\u00e4cker ist direkt gegen\u00fcber von L\u00f6f ca. 1 km entfernt.<br><br>Wir bieten Ihnen in unserer Ferienwohnung:<\/p>\n\n\n\n<ul class=\"wp-block-list\">\n<li>eine komplett eingerichtete K\u00fcche mit Geschirrsp\u00fclmaschine, Mikrowelle, Ceran-Kochfeld und Backofen, K\u00fchlschrank mit Gefrierfach, Kaffeemaschine, Eierkocher, Toaster, Wasserkocher, Mixer, Kinder-Hochstuhl<\/li>\n\n\n\n<li>ein Doppelschlafzimmer, auf Wunsch mit Kinder-Reisebett,<br>einen gro\u00dfen Wohnraum mit gem\u00fctlicher Sitzecke und Klimager\u00e4t, das Sie bei Bedarf einschalten k\u00f6nnen,<br>gro\u00dfer SAT-TV, Radio, abtrennbarer Schlafbereich mit einem gro\u00dfen Doppelbett und Schrank<\/li>\n\n\n\n<li>ein Badezimmer mit 2 Fenster, Dusche, WC, Doppel-Waschbecken, Haartrockner, W\u00e4schest\u00e4nder <\/li>\n\n\n\n<li>kostenfrei: Parkpl\u00e4tze und WLAN<\/li>\n\n\n\n<li>im Au\u00dfenbereich sch\u00f6ne Sitzecke mit herrlichem Moselblick<\/li>\n\n\n\n<li>Nichtraucherwohnung &#8211;  im Au\u00dfenbereich k\u00f6nnen unsere G\u00e4ste gerne rauchen<\/li>\n<\/ul>\n","protected":false},"excerpt":{"rendered":"<p>Der Deutsche Tourismusverband hat unsere Ferienwohnung mit 3 Sternen klassifiziert. Die liebevoll gestaltete Einrichtung, die ger\u00e4umigen Zimmer und die herrliche Aussicht, die man vom K\u00fcchentisch aus genie\u00dfen kann, hat die <span class=\"readmore\"><a href=\"https:\/\/mosel-fewo-sommer.de\/fewo\/?page_id=18\">Weiterlesen\u00a0\u2026<\/a><\/span><\/p>\n","protected":false},"author":2,"featured_media":0,"parent":0,"menu_order":0,"comment_status":"closed","ping_status":"closed","template":"","meta":{"footnotes":""},"class_list":["post-18","page","type-page","status-publish","hentry"],"_links":{"self":[{"href":"https:\/\/mosel-fewo-sommer.de\/fewo\/index.php?rest_route=\/wp\/v2\/pages\/18","targetHints":{"allow":["GET"]}}],"collection":[{"href":"https:\/\/mosel-fewo-sommer.de\/fewo\/index.php?rest_route=\/wp\/v2\/pages"}],"about":[{"href":"https:\/\/mosel-fewo-sommer.de\/fewo\/index.php?rest_route=\/wp\/v2\/types\/page"}],"author":[{"embeddable":true,"href":"https:\/\/mosel-fewo-sommer.de\/fewo\/index.php?rest_route=\/wp\/v2\/users\/2"}],"replies":[{"embeddable":true,"href":"https:\/\/mosel-fewo-sommer.de\/fewo\/index.php?rest_route=%2Fwp%2Fv2%2Fcomments&post=18"}],"version-history":[{"count":21,"href":"https:\/\/mosel-fewo-sommer.de\/fewo\/index.php?rest_route=\/wp\/v2\/pages\/18\/revisions"}],"predecessor-version":[{"id":884,"href":"https:\/\/mosel-fewo-sommer.de\/fewo\/index.php?rest_route=\/wp\/v2\/pages\/18\/revisions\/884"}],"wp:attachment":[{"href":"https:\/\/mosel-fewo-sommer.de\/fewo\/index.php?rest_route=%2Fwp%2Fv2%2Fmedia&parent=18"}],"curies":[{"name":"wp","href":"https:\/\/api.w.org\/{rel}","templated":true}]}}