{"id":20,"date":"2019-10-06T12:25:56","date_gmt":"2019-10-06T12:25:56","guid":{"rendered":"http:\/\/mosel-fewo-sommer.de\/fewo\/?page_id=20"},"modified":"2026-04-14T10:15:40","modified_gmt":"2026-04-14T10:15:40","slug":"preise","status":"publish","type":"page","link":"https:\/\/mosel-fewo-sommer.de\/fewo\/?page_id=20","title":{"rendered":"Preise 2026"},"content":{"rendered":"\n<figure class=\"wp-block-table\"><table><tbody><tr><td><br>1 \u00dcbernachtung f\u00fcr 2 Personen<br> vom 07.03.2026 &#8211; 08.11.2026 = 85,00 \u20ac<br> 1 \u00dcbernachtung f\u00fcr jede weitere Person = 10,00 \u20ac.<br>Ein Kind bis einschlie\u00dflich 3 Jahre ist kostenfrei.<br>Eine Vorauszahlung\/Anzahlung ist nicht erforderlich.<br>Eine Stornierung ist kostenfrei.<br><\/td><\/tr><\/tbody><\/table><\/figure>\n\n\n\n<p>Im Preis inklusive sind Endreinigung, Heiz-, Energie- und Nebenkosten, Bettw\u00e4sche, Hand-, Dusch- und K\u00fcchent\u00fccher, Reinigungsmittel, Toilettenpapier, Kulturf\u00f6rderabgabe, WLAN und Parkpl\u00e4tze. <\/p>\n\n\n\n<p>Die Betten sind bei Ihrer Anreise frisch bezogen. Die Matratzen und Kopfkissen mit Hygienebez\u00fcgen.<br>Es sind warme Decken und zus\u00e4tzliche Kopfkissen vorhanden.<br><br>Selbstversorgung &#8211; kein Fr\u00fchst\u00fcck oder sonstige Verpflegung. <br><br>Sie k\u00f6nnen bei uns Ihr E-Auto an einer 11 kW-DC-Ladestation aufladen. Preis nach Absprache.<br><br>Anreisezeit: 16:00 Uhr bis 18:00 Uhr. Sollten Sie sp\u00e4ter als 18:00 Uhr anreisen, dann teilen Sie uns dies bitte rechtzeitig mit. Am Abreisetag bitten wir die Wohnung bis um 10:00 Uhr freizugeben. Andere Anreise- und Abreisezeiten sind nach Absprache mit uns eventuell m\u00f6glich.<br><br>Gerne k\u00f6nnen Sie uns eine E-Mail schreiben unter &#8222;Anfrage&#8220; oder rufen Sie an unter 02605 84177 oder<br> 0175 9567975.<br><br> \u00dcber Ihren Besuch freuen wir uns sehr.<\/p>\n","protected":false},"excerpt":{"rendered":"<p>1 \u00dcbernachtung f\u00fcr 2 Personen vom 07.03.2026 &#8211; 08.11.2026 = 85,00 \u20ac 1 \u00dcbernachtung f\u00fcr jede weitere Person = 10,00 \u20ac.Ein Kind bis einschlie\u00dflich 3 Jahre ist kostenfrei.Eine Vorauszahlung\/Anzahlung ist <span class=\"readmore\"><a href=\"https:\/\/mosel-fewo-sommer.de\/fewo\/?page_id=20\">Weiterlesen\u00a0\u2026<\/a><\/span><\/p>\n","protected":false},"author":2,"featured_media":0,"parent":0,"menu_order":0,"comment_status":"closed","ping_status":"closed","template":"","meta":{"footnotes":""},"class_list":["post-20","page","type-page","status-publish","hentry"],"_links":{"self":[{"href":"https:\/\/mosel-fewo-sommer.de\/fewo\/index.php?rest_route=\/wp\/v2\/pages\/20","targetHints":{"allow":["GET"]}}],"collection":[{"href":"https:\/\/mosel-fewo-sommer.de\/fewo\/index.php?rest_route=\/wp\/v2\/pages"}],"about":[{"href":"https:\/\/mosel-fewo-sommer.de\/fewo\/index.php?rest_route=\/wp\/v2\/types\/page"}],"author":[{"embeddable":true,"href":"https:\/\/mosel-fewo-sommer.de\/fewo\/index.php?rest_route=\/wp\/v2\/users\/2"}],"replies":[{"embeddable":true,"href":"https:\/\/mosel-fewo-sommer.de\/fewo\/index.php?rest_route=%2Fwp%2Fv2%2Fcomments&post=20"}],"version-history":[{"count":221,"href":"https:\/\/mosel-fewo-sommer.de\/fewo\/index.php?rest_route=\/wp\/v2\/pages\/20\/revisions"}],"predecessor-version":[{"id":882,"href":"https:\/\/mosel-fewo-sommer.de\/fewo\/index.php?rest_route=\/wp\/v2\/pages\/20\/revisions\/882"}],"wp:attachment":[{"href":"https:\/\/mosel-fewo-sommer.de\/fewo\/index.php?rest_route=%2Fwp%2Fv2%2Fmedia&parent=20"}],"curies":[{"name":"wp","href":"https:\/\/api.w.org\/{rel}","templated":true}]}}