{"id":23,"date":"2019-10-06T12:25:57","date_gmt":"2019-10-06T12:25:57","guid":{"rendered":"http:\/\/mosel-fewo-sommer.de\/fewo\/?page_id=23"},"modified":"2019-10-06T17:22:19","modified_gmt":"2019-10-06T17:22:19","slug":"datenschutz","status":"publish","type":"page","link":"https:\/\/mosel-fewo-sommer.de\/fewo\/?page_id=23","title":{"rendered":"Datenschutz"},"content":{"rendered":"\n<p><strong>Datenschutzerkl\u00e4rung<\/strong><br>\nVerantwortliche Stelle im Sinne der Datenschutzgesetze, insbesondere der\nEU-Datenschutzgrundverordnung (DSGVO), ist der bzw. die im Impressum unserer\nWebsite benannte Vertreter bzw. Vertreterin unseres Unternehmens.<br>\nSie ist die nat\u00fcrliche oder juristische Person, die allein oder gemeinsam mit\nanderen \u00fcber die Zwecke und Mittel der Verarbeitung von personenbezogenen Daten\n(z.B. Namen, E-Mail-Adressen o. \u00c4.) entscheidet.<br>\n<br>\n<strong>Datenschutz<\/strong><br>\nDie Betreiber dieser Seiten nehmen den Schutz Ihrer pers\u00f6nlichen Daten sehr\nernst. Wir behandeln Ihre personenbezogenen Daten vertraulich und entsprechend\nder gesetzlichen Datenschutzvorschriften sowie dieser Datenschutzerkl\u00e4rung.<br>\nDie Nutzung unserer Webseite ist in der Regel ohne Angabe personenbezogener\nDaten m\u00f6glich. Soweit auf unseren Seiten personenbezogene Daten (beispielsweise\nName, Anschrift oder E-Mail-Adressen) erhoben werden, erfolgt dies, soweit\nm\u00f6glich, stets auf freiwilliger Basis. Diese Daten werden ohne Ihre\nausdr\u00fcckliche Zustimmung nicht an Dritte weitergegeben.<br>\nWir weisen jedoch darauf hin, dass die Daten\u00fcbertragung im Internet\nSicherheitsl\u00fccken aufweisen kann.<br>\n<br>\n<strong>Ihre Betroffenenrechte<\/strong><br>\nUnter den angegebenen Kontaktdaten unseres Datenschutzbeauftragten k\u00f6nnen Sie\njederzeit folgende Rechte aus\u00fcben:<br>\n&#8211; Auskunft \u00fcber Ihre bei uns gespeicherten Daten und deren Verarbeitung,<br>\n&#8211; Berichtigung unrichtiger personenbezogener Daten,<br>\n&#8211; L\u00f6schung Ihrer bei uns gespeicherten Daten,<br>\n&#8211; Einschr\u00e4nkung der Datenverarbeitung, sofern wir Ihre Daten aufgrund gesetzlicher\nPflichten noch nicht l\u00f6schen d\u00fcrfen,<br>\n&#8211; Widerspruch gegen die Verarbeitung Ihrer Daten bei uns und<br>\n&#8211; Daten\u00fcbertragbarkeit, sofern Sie in die Datenverarbeitung eingewilligt haben\noder einen Vertrag mit uns abgeschlossen haben.<br>\nSofern Sie uns eine Einwilligung erteilt haben, k\u00f6nnen Sie diese jederzeit mit\nWirkung f\u00fcr die Zukunft widerrufen.<br>\nSie k\u00f6nnen sich jederzeit mit einer Beschwerde an die f\u00fcr Sie zust\u00e4ndige\nAufsichtsbeh\u00f6rde wenden. Ihre zust\u00e4ndige Aufsichtsbeh\u00f6rde richtet sich nach dem\nBundesland Ihres Wohnsitzes, Ihrer Arbeit oder der mutma\u00dflichen Verletzung.\nEine Liste der Aufsichtsbeh\u00f6rden (f\u00fcr den nicht\u00f6ffentlichen Bereich) mit\nAnschrift finden Sie unter:\nhttps:\/\/www.bfdi.bund.de\/DE\/Infothek\/Anschriften_Links\/anschriften_links-node.html.<br>\n<br>\n<strong>Server-Log-Files<\/strong><br>\nDer Provider der Seiten erhebt und speichert automatisch Informationen in so\ngenannten Server-Log Files, die Ihr Browser automatisch an uns \u00fcbermittelt.\nDies sind:<br>\n<br>\n&#8211; Browsertyp\/ Browserversion<br>\n&#8211; verwendetes Betriebssystem<br>\n&#8211; Referrer URL<br>\n&#8211; Hostname des zugreifenden Rechners<br>\n&#8211; Uhrzeit der Serveranfrage<br>\n<br>\nDiese Daten sind nicht bestimmten Personen zuordenbar. Eine Zusammenf\u00fchrung\ndieser Daten mit anderen Datenquellen wird nicht vorgenommen. Wir behalten uns\nvor, diese Daten nachtr\u00e4glich zu pr\u00fcfen, wenn uns konkrete Anhaltspunkte f\u00fcr\neine rechtswidrige Nutzung bekannt werden.<br>\n<br>\n<strong>Zwecke der Datenverarbeitung durch die verantwortliche Stelle und Dritte<\/strong><br>\nWir verarbeiten Ihre personenbezogenen Daten nur zu den in dieser\nDatenschutzerkl\u00e4rung genannten Zwecken. Eine \u00dcbermittlung Ihrer pers\u00f6nlichen\nDaten an Dritte zu anderen als den genannten Zwecken findet nicht statt. Wir\ngeben Ihre pers\u00f6nlichen Daten nur an Dritte weiter, wenn:<br>\n&#8211; Sie Ihre ausdr\u00fcckliche Einwilligung dazu erteilt haben,<br>\n&#8211; die Verarbeitung zur Abwicklung eines Vertrags mit Ihnen erforderlich ist,<br>\n&#8211; die Verarbeitung zur Erf\u00fcllung einer rechtlichen Verpflichtung erforderlich\nist,<br>\n&#8211; die Verarbeitung zur Wahrung berechtigter Interessen erforderlich ist und\nkein Grund zur Annahme besteht, dass Sie ein \u00fcberwiegendes schutzw\u00fcrdiges\nInteresse an der Nichtweitergabe Ihrer Daten haben.<br>\n<br>\n<strong>Erfassung allgemeiner Informationen beim Besuch unserer Website<\/strong><br>\nWenn Sie auf unsere Website zugreifen, werden automatisch mittels eines Cookies\nInformationen allgemeiner Natur erfasst. Diese Informationen (Server-Logfiles)\nbeinhalten etwa die Art des Webbrowsers, das verwendete Betriebssystem, den\nDomainnamen Ihres Internet-Service-Providers und \u00e4hnliches. Hierbei handelt es\nsich ausschlie\u00dflich um Informationen, welche keine R\u00fcckschl\u00fcsse auf Ihre Person\nzulassen.<br>\nDiese Informationen sind technisch notwendig, um von Ihnen angeforderte Inhalte\nvon Webseiten korrekt auszuliefern und fallen bei Nutzung des Internets\nzwingend an. Sie werden insbesondere zu folgenden Zwecken verarbeitet:<br>\n&#8211; Sicherstellung eines problemlosen Verbindungsaufbaus der Website,<br>\n&#8211; Sicherstellung einer reibungslosen Nutzung unserer Website,<br>\n&#8211; Auswertung der Systemsicherheit und -stabilit\u00e4t sowie zu weiteren\nadministrativen Zwecken.<br>\nDie Verarbeitung Ihrer personenbezogenen Daten basiert auf unserem berechtigten\nInteresse aus den vorgenannten Zwecken zur Datenerhebung. Wir verwenden Ihre\nDaten nicht, um R\u00fcckschl\u00fcsse auf Ihre Person zu ziehen. Empf\u00e4nger der Daten\nsind nur die verantwortliche Stelle und ggf. Auftragsverarbeiter.<br>\nAnonyme Informationen dieser Art werden von uns ggfs. statistisch ausgewertet,\num unseren Internetauftritt und die dahinterstehende Technik zu optimieren.<br>\n<br>\n<strong>Cookies<\/strong><br>\nWie viele andere Webseiten verwenden wir auch so genannte \u201eCookies\u201c. Cookies\nsind kleine Textdateien, die von einem Websiteserver auf Ihre Festplatte\n\u00fcbertragen werden. Hierdurch erhalten wir automatisch bestimmte Daten wie z. B.\nIP-Adresse, verwendeter Browser, Betriebssystem und Ihre Verbindung zum\nInternet.<br>\nCookies k\u00f6nnen nicht verwendet werden, um Programme zu starten oder Viren auf\neinen Computer zu \u00fcbertragen. Anhand der in Cookies enthaltenen Informationen\nk\u00f6nnen wir Ihnen die Navigation erleichtern und die korrekte Anzeige unserer\nWebseiten erm\u00f6glichen.<br>\nIn keinem Fall werden die von uns erfassten Daten an Dritte weitergegeben oder\nohne Ihre Einwilligung eine Verkn\u00fcpfung mit personenbezogenen Daten\nhergestellt.<br>\nNat\u00fcrlich k\u00f6nnen Sie unsere Website grunds\u00e4tzlich auch ohne Cookies betrachten.\nInternet-Browser sind regelm\u00e4\u00dfig so eingestellt, dass sie Cookies akzeptieren.\nIm Allgemeinen k\u00f6nnen Sie die Verwendung von Cookies jederzeit \u00fcber die\nEinstellungen Ihres Browsers deaktivieren. Bitte verwenden Sie die\nHilfefunktionen Ihres Internetbrowsers, um zu erfahren, wie Sie diese Einstellungen\n\u00e4ndern k\u00f6nnen. Bitte beachten Sie, dass einzelne Funktionen unserer Website\nm\u00f6glicherweise nicht funktionieren, wenn Sie die Verwendung von Cookies\ndeaktiviert haben.<br>\n<br>\n<strong>Newsletter<\/strong><br>\nBei der Anmeldung zum Bezug eines Newsletters werden die von Ihnen angegebenen\nDaten ausschlie\u00dflich f\u00fcr diesen Zweck verwendet. Abonnenten k\u00f6nnen auch \u00fcber\nUmst\u00e4nde per E-Mail informiert werden, die f\u00fcr den Dienst oder die\nRegistrierung relevant sind (Beispielsweise \u00c4nderungen des Newsletterangebots\noder technische Gegebenheiten).<br>\nF\u00fcr eine wirksame Registrierung ben\u00f6tigen wir eine valide E-Mail-Adresse. Um zu\n\u00fcberpr\u00fcfen, dass eine Anmeldung tats\u00e4chlich durch den Inhaber einer\nE-Mail-Adresse erfolgt, setzen wir das \u201eDouble-opt-in\u201c-Verfahren ein. Hierzu\nprotokollieren wir die Bestellung des Newsletters, den Versand einer\nBest\u00e4tigungsmail und den Eingang der hiermit angeforderten Antwort. Weitere\nDaten werden nicht erhoben. Die Daten werden ausschlie\u00dflich f\u00fcr den\nNewsletterversand verwendet und nicht an Dritte weitergegeben.<br>\nDie Einwilligung zur Speicherung Ihrer pers\u00f6nlichen Daten und ihrer Nutzung f\u00fcr\nden Newsletterversand k\u00f6nnen Sie jederzeit widerrufen. In jedem Newsletter\nfindet sich dazu ein entsprechender Link. Au\u00dferdem k\u00f6nnen Sie sich jederzeit\nauch direkt auf dieser Webseite abmelden oder uns Ihren entsprechenden Wunsch\n\u00fcber die am Ende dieser Datenschutzhinweise angegebene Kontaktm\u00f6glichkeit\nmitteilen.<br>\n<br>\n<strong>Kontaktformular<\/strong><br>\nTreten Sie bzgl. Fragen jeglicher Art per E-Mail oder Kontaktformular mit uns\nin Kontakt, erteilen Sie uns zum Zwecke der Kontaktaufnahme Ihre freiwillige\nEinwilligung. Hierf\u00fcr ist die Angabe einer validen E-Mail-Adresse erforderlich.\nDiese dient der Zuordnung der Anfrage und der anschlie\u00dfenden Beantwortung\nderselben. Die Angabe weiterer Daten ist optional. Die von Ihnen gemachten\nAngaben werden zum Zwecke der Bearbeitung der Anfrage sowie f\u00fcr m\u00f6gliche\nAnschlussfragen gespeichert. Nach Erledigung der von Ihnen gestellten Anfrage\nwerden personenbezogene Daten automatisch gel\u00f6scht.<br>\n<br>\n<strong>Verwendung von Scriptbibliotheken (Google Webfonts)<\/strong><br>\nUm unsere Inhalte browser\u00fcbergreifend korrekt und grafisch ansprechend\ndarzustellen, werden eventuell Scriptbibliotheken und Schriftbibliotheken wie\nz. B. Google Webfonts (https:\/\/www.google.com\/webfonts\/) verwendet. Google\nWebfonts werden zur Vermeidung mehrfachen Ladens in den Cache Ihres Browsers\n\u00fcbertragen. Falls der Browser die Google Webfonts nicht unterst\u00fctzt oder den\nZugriff unterbindet, werden Inhalte in einer Standardschrift angezeigt.<br>\nDer Aufruf von Scriptbibliotheken oder Schriftbibliotheken l\u00f6st automatisch\neine Verbindung zum Betreiber der Bibliothek aus. Dabei ist es theoretisch\nm\u00f6glich \u2013 aktuell allerdings auch unklar ob und ggf. zu welchen Zwecken \u2013 dass\nBetreiber entsprechender Bibliotheken Daten erheben.<br>\nDie Datenschutzrichtlinie des Bibliothekbetreibers Google finden Sie hier:\nhttps:\/\/www.google.com\/policies\/privacy\/<br>\n<br>\n<strong>Verwendung von Google Maps<\/strong><br>\nDiese Webseite verwendet Google Maps API, um geographische Informationen\nvisuell darzustellen. Bei der Nutzung von Google Maps werden von Google auch\nDaten \u00fcber die Nutzung der Kartenfunktionen durch Besucher erhoben, verarbeitet\nund genutzt. N\u00e4here Informationen \u00fcber die Datenverarbeitung durch Google\nk\u00f6nnen Sie den Google-Datenschutzhinweisen entnehmen. Dort k\u00f6nnen Sie im\nDatenschutzcenter auch Ihre pers\u00f6nlichen Datenschutz-Einstellungen ver\u00e4ndern.<br>\nAusf\u00fchrliche Anleitungen zur Verwaltung der eigenen Daten im Zusammenhang mit\nGoogle-Produkten finden Sie hier.<br>\n<br>\n<strong>Eingebettete YouTube-Videos<\/strong><br>\nAuf einigen unserer Webseiten betten wir Youtube-Videos ein. Betreiber der\nentsprechenden Plugins ist die YouTube, LLC, 901 Cherry Ave., San Bruno, CA\n94066, USA. Wenn Sie eine Seite mit dem YouTube-Plugin besuchen, wird eine\nVerbindung zu Servern von Youtube hergestellt. Dabei wird Youtube mitgeteilt,\nwelche Seiten Sie besuchen. Wenn Sie in Ihrem Youtube-Account eingeloggt sind,\nkann Youtube Ihr Surfverhalten Ihnen pers\u00f6nlich zuzuordnen. Dies verhindern\nSie, indem Sie sich vorher aus Ihrem Youtube-Account ausloggen.<br>\nWird ein Youtube-Video gestartet, setzt der Anbieter Cookies ein, die Hinweise\n\u00fcber das Nutzerverhalten sammeln.<br>\nWer das Speichern von Cookies f\u00fcr das Google-Ad-Programm deaktiviert hat, wird\nauch beim Anschauen von Youtube-Videos mit keinen solchen Cookies rechnen\nm\u00fcssen. Youtube legt aber auch in anderen Cookies nicht-personenbezogene\nNutzungsinformationen ab. M\u00f6chten Sie dies verhindern, so m\u00fcssen Sie das\nSpeichern von Cookies im Browser blockieren.<br>\nWeitere Informationen zum Datenschutz bei \u201eYoutube\u201c finden Sie in der\nDatenschutzerkl\u00e4rung des Anbieters unter:\nhttps:\/\/www.google.de\/intl\/de\/policies\/privacy\/ <br>\n<br>\n<strong>Google AdWords<\/strong><br>\nSind Sie \u00fcber eine von Google geschaltete Anzeige auf unsere Webseite gelangt,\nwird von Google Adwords ein Cookie auf Ihrem Rechner gesetzt. Das Cookie f\u00fcr\nConversion-Tracking wird gesetzt, wenn ein Nutzer auf eine von Google\ngeschaltete Anzeige klickt. Diese Cookies verlieren nach 30 Tagen ihre\nG\u00fcltigkeit und dienen nicht der pers\u00f6nlichen Identifizierung. Besucht der\nNutzer bestimmte Seiten unserer Website und das Cookie ist noch nicht\nabgelaufen, k\u00f6nnen wir und Google erkennen, dass der Nutzer auf die Anzeige\ngeklickt hat und zu dieser Seite weitergeleitet wurde. Jeder Google\nAdWords-Kunde erh\u00e4lt ein anderes Cookie. Cookies k\u00f6nnen somit nicht \u00fcber die\nWebsites von AdWords-Kunden nachverfolgt werden. Die mithilfe des\nConversion-Cookies eingeholten Informationen dienen dazu,\nConversion-Statistiken f\u00fcr AdWords-Kunden zu erstellen, die sich f\u00fcr\nConversion-Tracking entschieden haben. Die Kunden erfahren die Gesamtanzahl der\nNutzer, die auf ihre Anzeige geklickt haben und zu einer mit einem\nConversion-Tracking-Tag versehenen Seite weitergeleitet wurden. Sie erhalten\njedoch keine Informationen, mit denen sich Nutzer pers\u00f6nlich identifizieren\nlassen.<br>\nM\u00f6chten Sie nicht am Tracking teilnehmen, k\u00f6nnen Sie das hierf\u00fcr erforderliche\nSetzen eines Cookies ablehnen \u2013 etwa per Browser-Einstellung, die das\nautomatische Setzen von Cookies generell deaktiviert oder Ihren Browser so\neinstellen, dass Cookies von der Domain \u201egoogleleadservices.com\u201c blockiert\nwerden.<br>\nBitte beachten Sie, dass Sie die Opt-out-Cookies nicht l\u00f6schen d\u00fcrfen, solange\nSie keine Aufzeichnung von Messdaten w\u00fcnschen. Haben Sie alle Ihre Cookies im\nBrowser gel\u00f6scht, m\u00fcssen Sie das jeweilige Opt-out Cookie erneut setzen.<br>\n<br>\n<strong>Social Plugins<\/strong><br>\nAuf unseren Webseiten k\u00f6nnen Social Plugins eingesetzt werden. Die Plugins\nk\u00f6nnen Sie daran erkennen, dass sie mit dem entsprechenden Logo gekennzeichnet\nsind.<br>\n\u00dcber diese Plugins werden unter Umst\u00e4nden Informationen, zu denen auch personenbezogene\nDaten geh\u00f6ren k\u00f6nnen, an den Dienstebetreiber gesendet und ggf. von diesem\ngenutzt. In den meisten F\u00e4llen verhindern wir die unbewusste und ungewollte\nErfassung und \u00dcbertragung von Daten an den Diensteanbieter durch eine\n2-Klick-L\u00f6sung. Um ein gew\u00fcnschtes Social Plugin zu aktivieren, muss dieses\nerst durch Klick auf den entsprechenden Schalter aktiviert werden. Erst durch\ndiese Aktivierung des Plugins wird auch die Erfassung von Informationen und\nderen \u00dcbertragung an den Diensteanbieter ausgel\u00f6st. Wir erfassen selbst keine\npersonenbezogenen Daten mittels der Social Plugins oder \u00fcber deren Nutzung.<br>\nWir haben keinen Einfluss darauf, welche Daten ein aktiviertes Plugin erfasst\nund wie diese durch den Anbieter verwendet werden. Derzeit muss davon ausgegangen\nwerden, dass eine direkte Verbindung zu den Diensten des Anbieters ausgebaut\nwird sowie mindestens die IP-Adresse und ger\u00e4tebezogene Informationen erfasst\nund genutzt werden. Ebenfalls besteht die M\u00f6glichkeit, dass die Diensteanbieter\nversuchen, Cookies auf dem verwendeten Rechner zu speichern. Welche konkreten\nDaten hierbei erfasst und wie diese genutzt werden, entnehmen Sie bitte den\nDatenschutzhinweisen des jeweiligen Diensteanbieters. Hinweis: Falls Sie\nzeitgleich bei Facebook angemeldet sind, kann Facebook Sie als Besucher einer\nbestimmten Seite identifizieren.<br>\n<br>\n<strong>Widerspruch Werbe-Mails<\/strong><br>\nDer Nutzung von im Rahmen der Impressumspflicht ver\u00f6ffentlichten Kontaktdaten\nzur \u00dcbersendung von nicht ausdr\u00fccklich angeforderter Werbung und\nInformationsmaterialien wird hiermit widersprochen. Die Betreiber der Seiten\nbehalten sich ausdr\u00fccklich rechtliche Schritte im Falle der unverlangten\nZusendung von Werbeinformationen, etwa durch Spam-E-Mails, vor.<br>\n<br>\n<strong>\u00c4nderung unserer Datenschutzbestimmungen<\/strong><br>\nWir behalten uns vor, diese Datenschutzerkl\u00e4rung anzupassen, damit sie stets\nden aktuellen rechtlichen Anforderungen entspricht oder um \u00c4nderungen unserer\nLeistungen in der Datenschutzerkl\u00e4rung umzusetzen, z.B. bei der Einf\u00fchrung\nneuer Services. F\u00fcr Ihren erneuten Besuch gilt dann die neue\nDatenschutzerkl\u00e4rung.<br>\n<br>\n<strong>Fragen an den Datenschutzbeauftragten<\/strong><br>\nWenn Sie Fragen zum Datenschutz haben, schreiben Sie uns bitte eine E-Mail oder\nwenden Sie sich direkt an die im Impressum benannte verantwortliche Person in\nunserem Unternehmen.<br>\n<br>\n<strong>Social\u2013Media\u2013Auftritte<\/strong><br>\n<strong>Datenverarbeitung durch soziale Netzwerke<\/strong><br>\nSoziale Netzwerke wie Facebook, Google+ etc. k\u00f6nnen Ihr Nutzerverhalten in der\nRegel umfassend analysieren, wenn Sie deren Webseite oder eine Webseite mit\nintegrierten Social-Media-Inhalten (z.B. Like-Buttons oder Werbebannern)\nbesuchen. Durch den Besuch unserer Social-Media-Pr\u00e4senzen werden zahlreiche\ndatenschutzrelevante Verarbeitungsvorg\u00e4nge ausgel\u00f6st. Im Einzelnen:<br>\nWenn Sie in Ihrem Social-Media-Account eingeloggt sind und unsere Social-Media-Pr\u00e4senz\nbesuchen, kann der Betreiber des Social-Media-Portals diesen Besuch Ihrem\nBenutzerkonto zuordnen. Ihre personenbezogenen Daten k\u00f6nnen unter Umst\u00e4nden\naber auch dann erfasst werden, wenn Sie nicht eingeloggt sind oder keinen\nAccount beim jeweiligen Social-Media-Portal besitzen. Diese Datenerfassung\nerfolgt in diesem Fall beispielsweise \u00fcber Cookies, die auf Ihrem Endger\u00e4t\ngespeichert werden oder durch Erfassung Ihrer IP-Adresse.<br>\nMit Hilfe der so erfassten Daten k\u00f6nnen die Betreiber der Social-Media-Portale\nNutzerprofile erstellen, in denen Ihre Pr\u00e4ferenzen und Interessen hinterlegt\nsind. Auf diese Weise kann Ihnen interessenbezogene Werbung in- und au\u00dferhalb\nder jeweiligen Social-Media-Pr\u00e4senz angezeigt werden. Sofern Sie \u00fcber einen\nAccount beim jeweiligen sozialen Netzwerk verf\u00fcgen, kann die interessenbezogene\nWerbung auf allen Ger\u00e4ten angezeigt werden, auf denen Sie eingeloggt sind oder\neingeloggt waren.<br>\nBitte beachten Sie au\u00dferdem, dass wir nicht alle Verarbeitungsprozesse auf den\nSocial-Media-Portalen nachvollziehen k\u00f6nnen. Je nach Anbieter k\u00f6nnen daher ggf.\nweitere Verarbeitungsvorg\u00e4nge von den Betreibern der Social-Media-Portale\ndurchgef\u00fchrt werden. Details hierzu entnehmen Sie den Nutzungsbedingungen und\nDatenschutzbestimmungen der jeweiligen Social-Media-Portale.<br>\n<br>\n<strong>Rechtsgrundlage<\/strong><br>\nSocial-Media-Auftritte sollen eine m\u00f6glichst umfassende Pr\u00e4senz im Internet\ngew\u00e4hrleisten. Hierbei handelt es sich um ein berechtigtes Interesse im Sinne\nvon Art. 6 Abs. 1 lit. f DSGVO. Die von den sozialen Netzwerken initiierten\nAnalyseprozesse beruhen ggf. auf abweichenden Rechtsgrundlagen, die von den\nBetreibern der sozialen Netzwerke anzugeben sind (z.B. Einwilligung im Sinne\ndes Art. 6 Abs. 1 lit. a DSGVO).<br>\nVerantwortlicher und Geltendmachung von Rechten<br>\nWenn Sie einen von uns betriebenen Social-Media-Auftritt (z.B. Facebook)\nbesuchen, sind wir gemeinsam mit dem Betreiber der Social-Media-Plattform f\u00fcr\ndie bei diesem Besuch ausgel\u00f6sten Datenverarbeitungsvorg\u00e4nge verantwortlich.\nSie k\u00f6nnen Ihre Rechte (Auskunft, Berichtigung, L\u00f6schung, Einschr\u00e4nkung der\nVerarbeitung, Daten\u00fcbertragbarkeit und Beschwerde) grunds\u00e4tzlich sowohl gg\u00fc.\nuns als auch gg\u00fc. dem Betreiber des jeweiligen Social-Media-Portals (z.B. gg\u00fc.\nFacebook) geltend machen.<br>\nBitte beachten Sie, dass wir trotz der gemeinsamen Verantwortlichkeit mit den\nSocial-Media-Portal-Betreibern nicht vollumf\u00e4nglich Einfluss auf die\nDatenverarbeitungsvorg\u00e4nge der Social-Media-Portale haben. Unsere M\u00f6glichkeiten\nrichten sich ma\u00dfgeblich nach der Unternehmenspolitik des jeweiligen Anbieters.<br>\n<br>\n<strong>Speicherdauer<\/strong><br>\nDie unmittelbar von uns \u00fcber die Social-Media-Pr\u00e4senz erfassten Daten werden\nvon unseren Systemen gel\u00f6scht, sobald der Zweck f\u00fcr ihre Speicherung entf\u00e4llt,\nSie uns zur L\u00f6schung auffordern, Ihre Einwilligung zur Speicherung widerrufen\noder der Zweck f\u00fcr die Datenspeicherung entf\u00e4llt. Gespeicherte Cookies\nverbleiben auf Ihrem Endger\u00e4t, bis Sie sie l\u00f6schen. Zwingende gesetzliche\nBestimmungen \u2013 insb. Aufbewahrungsfristen \u2013 bleiben unber\u00fchrt.<br>\nAuf die Speicherdauer Ihrer Daten, die von den Betreibern der sozialen\nNetzwerke zu eigenen Zwecken gespeichert werden, haben wir keinen Einfluss. F\u00fcr\nEinzelheiten dazu informieren Sie sich bitte direkt bei den Betreibern der\nsozialen Netzwerke (z.B. in deren Datenschutzerkl\u00e4rung, siehe unten).<br>\n<br>\n<strong>Soziale Netzwerke im Einzelnen<\/strong><br>\n<strong>Facebook<\/strong><br>\nAnbieter ist die Facebook Inc., 1 Hacker Way, Menlo Park, California 94025,\nUSA. Facebook verf\u00fcgt \u00fcber eine Zertifizierung nach dem EU-US-Privacy-Shield.<br>\nSie k\u00f6nnen Ihre Werbeeinstellungen selbstst\u00e4ndig in Ihrem Nutzer-Account\nanpassen. Klicken Sie hierzu auf folgenden Link und loggen Sie sich ein:<br>\nhttps:\/\/www.facebook.com\/settings?tab=ads<br>\nDetails entnehmen Sie der Datenschutzerkl\u00e4rung von Facebook:<br>\nhttps:\/\/www.facebook.com\/about\/privacy\/<br>\n<br>\n<strong>Instagram<\/strong><br>\nAnbieter ist die Instagram Inc., 1601 Willow Road, Menlo Park, CA, 94025, USA.\nDetails zu deren Umgang mit Ihren personenbezogenen Daten entnehmen Sie der\nDatenschutzerkl\u00e4rung von Instagram:<br>\nhttps:\/\/help.instagram.com\/519522125107875<br>\n<br>\n<strong>XING<\/strong><br>\nAnbieter ist die XING AG, Dammtorstra\u00dfe 29-32, 20354 Hamburg, Deutschland.\nDetails zu deren Umgang mit Ihren personenbezogenen Daten entnehmen Sie der\nDatenschutzerkl\u00e4rung von XING:<br>\nhttps:\/\/privacy.xing.com\/de\/datenschutzerklaerung<br>\n<br>\n<strong>LinkedIn<\/strong><br>\nAnbieter ist die LinkedIn Ireland Unlimited Company, Wilton Plaza, Wilton\nPlace, Dublin 2, Irland. LinkedIn verf\u00fcgt \u00fcber eine Zertifizierung nach dem\nEU-US-Privacy-Shield. LinkedIn verwendet Werbecookies.<br>\nWenn Sie LinkedIn-Werbe-Cookies deaktivieren m\u00f6chten, nutzen Sie bitte\nfolgenden Link:<br>\nhttps:\/\/www.linkedin.com\/psettings\/guest-controls\/retargeting-opt-out<br>\nDetails zu deren Umgang mit Ihren personenbezogenen Daten entnehmen Sie der\nDatenschutzerkl\u00e4rung von LinkedIn:<br>\nhttps:\/\/www.linkedin.com\/legal\/privacy-policy<\/p>\n","protected":false},"excerpt":{"rendered":"<p>Datenschutzerkl\u00e4rung Verantwortliche Stelle im Sinne der Datenschutzgesetze, insbesondere der EU-Datenschutzgrundverordnung (DSGVO), ist der bzw. die im Impressum unserer Website benannte Vertreter bzw. Vertreterin unseres Unternehmens. Sie ist die nat\u00fcrliche oder <span class=\"readmore\"><a href=\"https:\/\/mosel-fewo-sommer.de\/fewo\/?page_id=23\">Weiterlesen\u00a0\u2026<\/a><\/span><\/p>\n","protected":false},"author":2,"featured_media":0,"parent":0,"menu_order":0,"comment_status":"closed","ping_status":"closed","template":"","meta":{"footnotes":""},"class_list":["post-23","page","type-page","status-publish","hentry"],"_links":{"self":[{"href":"https:\/\/mosel-fewo-sommer.de\/fewo\/index.php?rest_route=\/wp\/v2\/pages\/23","targetHints":{"allow":["GET"]}}],"collection":[{"href":"https:\/\/mosel-fewo-sommer.de\/fewo\/index.php?rest_route=\/wp\/v2\/pages"}],"about":[{"href":"https:\/\/mosel-fewo-sommer.de\/fewo\/index.php?rest_route=\/wp\/v2\/types\/page"}],"author":[{"embeddable":true,"href":"https:\/\/mosel-fewo-sommer.de\/fewo\/index.php?rest_route=\/wp\/v2\/users\/2"}],"replies":[{"embeddable":true,"href":"https:\/\/mosel-fewo-sommer.de\/fewo\/index.php?rest_route=%2Fwp%2Fv2%2Fcomments&post=23"}],"version-history":[{"count":2,"href":"https:\/\/mosel-fewo-sommer.de\/fewo\/index.php?rest_route=\/wp\/v2\/pages\/23\/revisions"}],"predecessor-version":[{"id":66,"href":"https:\/\/mosel-fewo-sommer.de\/fewo\/index.php?rest_route=\/wp\/v2\/pages\/23\/revisions\/66"}],"wp:attachment":[{"href":"https:\/\/mosel-fewo-sommer.de\/fewo\/index.php?rest_route=%2Fwp%2Fv2%2Fmedia&parent=23"}],"curies":[{"name":"wp","href":"https:\/\/api.w.org\/{rel}","templated":true}]}}