{"id":24,"date":"2019-10-06T12:25:57","date_gmt":"2019-10-06T12:25:57","guid":{"rendered":"http:\/\/mosel-fewo-sommer.de\/fewo\/?page_id=24"},"modified":"2020-06-21T07:23:44","modified_gmt":"2020-06-21T07:23:44","slug":"ausflugtipps","status":"publish","type":"page","link":"https:\/\/mosel-fewo-sommer.de\/fewo\/?page_id=24","title":{"rendered":"Ausflugtipps"},"content":{"rendered":"\n<p><strong>Wandern und Radfahren:<\/strong><br>Sch\u00f6ne Wanderungen auf den Traumpfaden, <a href=\"http:\/\/www.traumpfade.info\">www.traumpfade.info<\/a> und Fahrradtouren entlang der Mosel in die idyllischen Seitent\u00e4ler oder \u00fcber die Moselh\u00f6hen. Routenkarten erhalten Sie auch von uns.<br><br><strong>Schifffahrten:<\/strong><br>F\u00fcr eine romantische Moselfahrt bietet sich das Schiff \u201cMS Goldst\u00fcck\u201d an. Besonders reizvoll sind die Abendfahrten mit Musik. Fahrplan erhalten Sie von uns oder unter: <a href=\"http:\/\/www.ms-goldstueck.de\">www.ms-goldstueck.de<\/a><\/p>\n\n\n\n<p>      <strong>Burg-Besichtigungen:<\/strong><\/p>\n\n\n\n<ul class=\"wp-block-list\"><li>ca.  2 km Burg Thurant, Alken   Tel.: 02605\/2004<\/li><li>ca.  6 km Ehrenburg, Brodenbach Tel. 02605\/3077<\/li><li>ca. 10 km Burg Eltz  Tel.: 02672\/950500<\/li><li>ca. 12 km Burg Pyrmont Tel.: 02672\/950500<\/li><li>ca. 23 km Reichsburg Cochem  Tel: 02671\/265<\/li><li>ca. 28 km Schloss Stolzenfels am Rhein<br><br><strong>Schwimmb\u00e4der:<\/strong><\/li><li>ca.  8 km Freibad M\u00fcnstermaifeld <\/li><li>ca. 15 km Freibad Treis-Karden<\/li><li>ca. 17 km Freibad Winningen<\/li><li>ca. 23 km Frei- und Hallenbad Cochem<\/li><li>ca. 30 km Erlebnis-Hallenbad Tauris M\u00fclheim-K\u00e4rlich<br><br><strong>Weitere Ausflugsziele:<\/strong><\/li><li>Koblenz &#8211; Deutsches Eck, Festung Ehrenbreitstein &#8211; <a href=\"http:\/\/www.koblenz.de\">www.koblenz.de<\/a><\/li><li>Trier &#8211; Porta Nigra und Kaiserthermen &#8211; <a href=\"http:\/\/www.trier.de\">www.trier.de<\/a><\/li><li>N\u00fcrburgring &#8211; Ausstellung &#8211; <a href=\"http:\/\/www.nuerburgring.de\">www.nuerburgring.de<\/a><\/li><li>Kloster Maria Laach, Laacher See &#8211;<a href=\"http:\/\/ www.maria-laach.de\"> www.maria-laach.de<\/a><\/li><li>Rundfl\u00fcge vom Flugplatz Winningen &#8211; <a href=\"http:\/\/www.rhein-mosel-flug.de\">www.rhein-mosel-flug.de<\/a><\/li><li>Wild- und Freizeitpark Klotten ca. 21 km &#8211; <a href=\"http:\/\/www.klotti.de\">www.klotti.de<\/a><\/li><li>R\u00f6merbergwerk Meurin bei Kretz ca. 25 km &#8211; <a href=\"http:\/\/www.vulkanpark.com\">www.vulkanpark.com<\/a><\/li><li>Geysir Andernach ca. 30 km &#8211; <a href=\"http:\/\/www.geysir-andernach.de\">www.geysir-andernach.de<\/a><\/li><li>M\u00f6rsdorf &#8211; l\u00e4ngste H\u00e4ngeseilbr\u00fccke Deutschlands ca. 30 km von L\u00f6f<\/li><li>Mehr Informationen zu unserem sch\u00f6nen Urlaubsgebiet finden Sie<\/li><li>auch unter <a href=\"http:\/\/www.loef-kattenes.de \">www.loef-kattenes.de <\/a>oder <a href=\"http:\/\/www.sonnige-untermosel.de\">www.sonnige-untermosel.de<\/a><br> <strong><br> Zug-Verbindungen:<\/strong><br> Von L\u00f6f in Richtung Koblenz oder Cochem und Trier st\u00fcndlich.<br><\/li><\/ul>\n","protected":false},"excerpt":{"rendered":"<p>Wandern und Radfahren:Sch\u00f6ne Wanderungen auf den Traumpfaden, www.traumpfade.info und Fahrradtouren entlang der Mosel in die idyllischen Seitent\u00e4ler oder \u00fcber die Moselh\u00f6hen. Routenkarten erhalten Sie auch von uns. Schifffahrten:F\u00fcr eine romantische <span class=\"readmore\"><a href=\"https:\/\/mosel-fewo-sommer.de\/fewo\/?page_id=24\">Weiterlesen\u00a0\u2026<\/a><\/span><\/p>\n","protected":false},"author":2,"featured_media":0,"parent":0,"menu_order":0,"comment_status":"closed","ping_status":"closed","template":"","meta":{"footnotes":""},"class_list":["post-24","page","type-page","status-publish","hentry"],"_links":{"self":[{"href":"https:\/\/mosel-fewo-sommer.de\/fewo\/index.php?rest_route=\/wp\/v2\/pages\/24","targetHints":{"allow":["GET"]}}],"collection":[{"href":"https:\/\/mosel-fewo-sommer.de\/fewo\/index.php?rest_route=\/wp\/v2\/pages"}],"about":[{"href":"https:\/\/mosel-fewo-sommer.de\/fewo\/index.php?rest_route=\/wp\/v2\/types\/page"}],"author":[{"embeddable":true,"href":"https:\/\/mosel-fewo-sommer.de\/fewo\/index.php?rest_route=\/wp\/v2\/users\/2"}],"replies":[{"embeddable":true,"href":"https:\/\/mosel-fewo-sommer.de\/fewo\/index.php?rest_route=%2Fwp%2Fv2%2Fcomments&post=24"}],"version-history":[{"count":12,"href":"https:\/\/mosel-fewo-sommer.de\/fewo\/index.php?rest_route=\/wp\/v2\/pages\/24\/revisions"}],"predecessor-version":[{"id":307,"href":"https:\/\/mosel-fewo-sommer.de\/fewo\/index.php?rest_route=\/wp\/v2\/pages\/24\/revisions\/307"}],"wp:attachment":[{"href":"https:\/\/mosel-fewo-sommer.de\/fewo\/index.php?rest_route=%2Fwp%2Fv2%2Fmedia&parent=24"}],"curies":[{"name":"wp","href":"https:\/\/api.w.org\/{rel}","templated":true}]}}