{"id":41,"date":"2019-10-06T12:35:35","date_gmt":"2019-10-06T12:35:35","guid":{"rendered":"http:\/\/mosel-fewo-sommer.de\/fewo\/?page_id=41"},"modified":"2025-09-04T09:52:24","modified_gmt":"2025-09-04T09:52:24","slug":"willkommen","status":"publish","type":"page","link":"https:\/\/mosel-fewo-sommer.de\/fewo\/","title":{"rendered":"Herzlich Willkommen"},"content":{"rendered":"\n<p><strong>bei Familie Sommer in L\u00f6f an der sonnigen Untermosel<\/strong><\/p>\n\n\n\n<p>Sie wohnen in einer komfortablen, ruhigen und zentral gelegenen 70 qm gro\u00dfen 3-Sterne-Ferienwohnung<br>f\u00fcr 2-4 Personen mit einem herrlichen Panoramablick \u00fcber die Mosel auf die Weinberge und die Burg Thurant.<br>L\u00f6f ist ein idealer Ausgangsort f\u00fcr sch\u00f6ne Wanderungen, Radtouren, Burgenbesichtigungen, Schifffahrten usw..<\/p>\n\n\n\n<p><em><strong>Bei uns k\u00f6nnen Sie Ihren Pkw an einer 11 kW-DC-Ladestation aufladen.<\/strong> <strong>Preis nach Absprache.<\/strong><\/em> <\/p>\n\n\n\n<p>Wir freuen uns auf Ihren Besuch.<\/p>\n\n\n\n<p>Familie Sommer<br>Im Gesetz 39<br>56332 L\u00f6f<br>Tel.: 02605 84177 Handy: 0175 9567975<br>E-MAIL:  kehrmaennchen@freenet.de<\/p>\n\n\n\n<p><\/p>\n\n\n\n<p><\/p>\n\n\n\n<p><\/p>\n","protected":false},"excerpt":{"rendered":"<p>bei Familie Sommer in L\u00f6f an der sonnigen Untermosel Sie wohnen in einer komfortablen, ruhigen und zentral gelegenen 70 qm gro\u00dfen 3-Sterne-Ferienwohnungf\u00fcr 2-4 Personen mit einem herrlichen Panoramablick \u00fcber die <span class=\"readmore\"><a href=\"https:\/\/mosel-fewo-sommer.de\/fewo\/\">Weiterlesen\u00a0\u2026<\/a><\/span><\/p>\n","protected":false},"author":2,"featured_media":0,"parent":0,"menu_order":0,"comment_status":"closed","ping_status":"closed","template":"","meta":{"footnotes":""},"class_list":["post-41","page","type-page","status-publish","hentry"],"_links":{"self":[{"href":"https:\/\/mosel-fewo-sommer.de\/fewo\/index.php?rest_route=\/wp\/v2\/pages\/41","targetHints":{"allow":["GET"]}}],"collection":[{"href":"https:\/\/mosel-fewo-sommer.de\/fewo\/index.php?rest_route=\/wp\/v2\/pages"}],"about":[{"href":"https:\/\/mosel-fewo-sommer.de\/fewo\/index.php?rest_route=\/wp\/v2\/types\/page"}],"author":[{"embeddable":true,"href":"https:\/\/mosel-fewo-sommer.de\/fewo\/index.php?rest_route=\/wp\/v2\/users\/2"}],"replies":[{"embeddable":true,"href":"https:\/\/mosel-fewo-sommer.de\/fewo\/index.php?rest_route=%2Fwp%2Fv2%2Fcomments&post=41"}],"version-history":[{"count":51,"href":"https:\/\/mosel-fewo-sommer.de\/fewo\/index.php?rest_route=\/wp\/v2\/pages\/41\/revisions"}],"predecessor-version":[{"id":854,"href":"https:\/\/mosel-fewo-sommer.de\/fewo\/index.php?rest_route=\/wp\/v2\/pages\/41\/revisions\/854"}],"wp:attachment":[{"href":"https:\/\/mosel-fewo-sommer.de\/fewo\/index.php?rest_route=%2Fwp%2Fv2%2Fmedia&parent=41"}],"curies":[{"name":"wp","href":"https:\/\/api.w.org\/{rel}","templated":true}]}}